{"id":6126,"date":"2023-11-13T15:58:12","date_gmt":"2023-11-13T14:58:12","guid":{"rendered":"https:\/\/www.itidet.it\/prodotti\/"},"modified":"2024-06-26T10:18:49","modified_gmt":"2024-06-26T08:18:49","slug":"produits","status":"publish","type":"page","link":"https:\/\/www.staging.itidet.it\/fr\/produits\/","title":{"rendered":"Produits"},"content":{"rendered":"\t\t<div data-elementor-type=\"wp-post\" data-elementor-id=\"6126\" class=\"elementor elementor-6126 elementor-4499\" data-elementor-post-type=\"page\">\n\t\t\t\t<div data-particle_enable=\"false\" data-particle-mobile-disabled=\"false\" class=\"elementor-element elementor-element-eac0471 e-flex e-con-boxed e-con e-parent\" data-id=\"eac0471\" data-element_type=\"container\" data-settings=\"{&quot;jet_parallax_layout_list&quot;:[]}\">\n\t\t\t\t\t<div class=\"e-con-inner\">\n\t\t<div data-particle_enable=\"false\" data-particle-mobile-disabled=\"false\" class=\"elementor-element elementor-element-1af7b17 e-con-full animated-slow e-flex elementor-invisible e-con e-child\" data-id=\"1af7b17\" data-element_type=\"container\" data-settings=\"{&quot;jet_parallax_layout_list&quot;:[],&quot;animation&quot;:&quot;fadeIn&quot;}\">\n\t\t\t\t<div class=\"elementor-element elementor-element-f2a9aad elementor-widget elementor-widget-heading\" data-id=\"f2a9aad\" data-element_type=\"widget\" data-widget_type=\"heading.default\">\n\t\t\t\t<div class=\"elementor-widget-container\">\n\t\t\t\t\t<h2 class=\"elementor-heading-title elementor-size-default\">Nos produits<\/h2>\t\t\t\t<\/div>\n\t\t\t\t<\/div>\n\t\t\t\t<\/div>\n\t\t\t\t\t<\/div>\n\t\t\t\t<\/div>\n\t\t<div data-particle_enable=\"false\" data-particle-mobile-disabled=\"false\" class=\"elementor-element elementor-element-a1078ca e-flex e-con-boxed e-con e-parent\" data-id=\"a1078ca\" data-element_type=\"container\" data-settings=\"{&quot;jet_parallax_layout_list&quot;:[]}\">\n\t\t\t\t\t<div class=\"e-con-inner\">\n\t\t\t\t<div class=\"elementor-element elementor-element-f143528 elementor-widget elementor-widget-eael-advanced-search\" data-id=\"f143528\" data-element_type=\"widget\" data-widget_type=\"eael-advanced-search.default\">\n\t\t\t\t<div class=\"elementor-widget-container\">\n\t\t\t\t\t        <div class=\"eael-adv-search-wrapper\">\n            <div id=\"eael-advanced-search-widget-f143528\" class=\"eael-advanced-search-widget\">\n                <form data-settings=\"{&quot;post_per_page&quot;:3,&quot;search_among_taxonomies&quot;:&quot;no&quot;,&quot;search_among_sku&quot;:&quot;no&quot;,&quot;show_popular_keyword&quot;:0,&quot;show_category&quot;:0,&quot;show_content_image&quot;:1,&quot;show_search_result_all_results&quot;:0,&quot;result_on_new_tab&quot;:&quot;no&quot;,&quot;show_product_price&quot;:&quot;no&quot;,&quot;include_current_page&quot;:&quot;no&quot;,&quot;current_post_id&quot;:6126,&quot;post_type&quot;:[&quot;product&quot;]}\" method=\"POST\" name=\"eael-advanced-search-form-f143528\" class=\"eael-advanced-search-form eael-advanced-search-form-style-2\">\n                    <div class=\"eael-advanced-search-wrap\">\n                        <span class=\"eael-adv-search-loader\"><\/span>\n                        <span class=\"eael-adv-search-close\"><i class=\"fas fa-times\"><\/i><\/span>\n                        <span class=\"icon \"><i class=\"fas fa-search\"><\/i><\/span>\n\n                        <input type=\"text\"\n                               placeholder=\"Recherche par mot-cl\u00e9\"\n                               class=\"eael-advanced-search\" autocomplete=\"off\" name=\"eael_advanced_search\">\n                    <\/div>\n\t\t\t\t\t                                            <button class=\"eael-advanced-search-button\">Recherche<\/button>\n                                    <\/form>\n\n\t\t\t\t\n\t\t\t\t        <div class=\"eael-advanced-search-result\">\n            <div class=\"eael-advanced-search-popular-keyword\">\n\t\t\t\t<h4 class=\"eael-advanced-search-popular-keyword-text\">Popular Keywords<\/h4>                <div class=\"eael-popular-keyword-content\"><\/div>\n            <\/div>\n            <div class=\"eael-advanced-search-category\">\n\t\t\t\t<h4 class=\"eael-advanced-search-category-text\">Categories<\/h4>                <div class=\"eael-popular-category-content\"><\/div>\n            <\/div>\n\t\t\t<div class=\"eael-advanced-search-total-results-section\">\n\t\t\t\t\t\t\t<\/div>\n            <div class=\"eael-advanced-search-content eael-item-style-2\">\n            <\/div>\n            <div class=\"eael-advanced-search-not-found\">\n                <p>Aucun r\u00e9sultat ne correspond \u00e0 votre recherche<\/p><\/div>\n            <div class=\"eael-advanced-search-load-more\">\n\t\t\t\t<a \tclass=\"eael-advanced-search-load-more-button\"\n                \thref=\"#\">Tous les r\u00e9sultats<\/a>\n            <\/div>\n        <\/div>\n\n\t\t <!-- Already escaped -->\n            <\/div>\n        <\/div>\n\n\t\t\t\t\t\t<\/div>\n\t\t\t\t<\/div>\n\t\t\t\t\t<\/div>\n\t\t\t\t<\/div>\n\t\t<div data-particle_enable=\"false\" data-particle-mobile-disabled=\"false\" class=\"elementor-element elementor-element-7b2b8b7 e-flex e-con-boxed e-con e-parent\" data-id=\"7b2b8b7\" data-element_type=\"container\" data-settings=\"{&quot;jet_parallax_layout_list&quot;:[]}\">\n\t\t\t\t\t<div class=\"e-con-inner\">\n\t\t<div data-particle_enable=\"false\" data-particle-mobile-disabled=\"false\" class=\"elementor-element elementor-element-3711a1b e-con-full e-flex e-con e-child\" data-id=\"3711a1b\" data-element_type=\"container\" data-settings=\"{&quot;jet_parallax_layout_list&quot;:[]}\">\n\t\t\t\t<div class=\"elementor-element elementor-element-33c8937 elementor-view-framed elementor-widget-mobile__width-initial elementor-shape-circle elementor-position-top elementor-mobile-position-top elementor-widget elementor-widget-icon-box\" data-id=\"33c8937\" data-element_type=\"widget\" data-widget_type=\"icon-box.default\">\n\t\t\t\t<div class=\"elementor-widget-container\">\n\t\t\t\t\t\t\t<div class=\"elementor-icon-box-wrapper\">\n\n\t\t\t\t\t\t<div class=\"elementor-icon-box-icon\">\n\t\t\t\t<a href=\"https:\/\/www.itidet.it\/fr\/categoria-prodotto\/vitres-miroirs-et-surfaces-lavables\/\" class=\"elementor-icon elementor-animation-hang\" tabindex=\"-1\" aria-label=\"Vitres, miroirs et surfaces lavables\" target=\"_blank\" rel=\"noopener\">\n\t\t\t\t<svg xmlns=\"http:\/\/www.w3.org\/2000\/svg\" width=\"126\" height=\"122\" viewBox=\"0 0 126 122\" fill=\"none\"><mask id=\"mask0_380_5681\" style=\"mask-type:luminance\" maskUnits=\"userSpaceOnUse\" x=\"0\" y=\"38\" width=\"80\" height=\"84\"><path d=\"M0 38.5227H79.7423V121.28H0V38.5227Z\" fill=\"white\"><\/path><\/mask><g mask=\"url(#mask0_380_5681)\"><path d=\"M3.03934 121.252L-0.0124512 117.763L36.5478 85.8051L43.7979 84.6504C48.5224 83.8956 52.9614 82.2147 56.9964 79.6525L72.1085 70.0443C73.8874 68.9141 74.9481 66.9762 74.9481 64.8587C74.9481 61.0439 74.9481 57.0986 70.8193 52.9208C68.7385 50.8115 64.9931 50.3627 62.3371 52.0273L40.4564 65.6869L47.0006 46.8213C47.0781 46.5969 47.1189 46.3684 47.1189 46.1359C47.1189 44.9731 46.1724 44.0306 45.0137 44.0306C44.2589 44.0306 43.549 44.4305 43.1614 45.0792L37.2618 54.8343C33.6348 58.9265 31.4601 64.1896 31.1501 69.6485L30.8196 75.3808L2.7823 95.7438L0.0569077 91.9984L26.3154 72.9206L26.5193 69.3833C26.8865 62.9615 29.4161 56.7723 33.6429 51.9294L39.1916 42.6924C40.4156 40.6606 42.6473 39.3999 45.0137 39.3999C48.7346 39.3999 51.7578 42.4231 51.7578 46.1359C51.7578 46.8988 51.6313 47.6414 51.3825 48.3472L49.1426 54.8057L59.881 48.1065C64.3199 45.328 70.5581 46.0706 74.1199 49.6691C79.587 55.2015 79.587 60.7869 79.587 64.8628C79.587 68.5755 77.7225 71.9741 74.5973 73.9569L59.4852 83.5652C54.9116 86.4701 49.8851 88.3795 44.5282 89.2322L38.6 90.1787L3.04342 121.26L3.03934 121.252Z\" fill=\"black\"><\/path><\/g><path d=\"M75.6862 83.4101C70.9046 83.4101 66.9715 81.517 64.3155 77.9349L68.0445 75.1809C69.8152 77.5677 72.3856 78.7794 75.6862 78.7794C77.4937 78.7794 79.3011 78.1511 80.9045 76.9638L85.1068 73.859C87.4201 72.1454 88.8603 69.2446 88.8603 66.2948C88.8603 64.3691 88.232 62.5046 87.0407 60.8971L70.3701 38.5146C68.6239 36.1604 65.8699 34.761 62.9977 34.761C60.8761 34.761 59.0442 35.3526 57.3877 36.5766L53.1895 39.6814C51.7982 40.7136 50.7252 42.0967 50.0888 43.6798L45.7844 41.958C46.7432 39.5753 48.3507 37.4987 50.4315 35.9564L54.6297 32.8516C57.0777 31.0442 59.8928 30.1262 63.0017 30.1262C67.3346 30.1262 71.4839 32.2315 74.091 35.7524L90.7657 58.135C92.5568 60.5503 93.4992 63.3695 93.4992 66.2907C93.4992 70.7501 91.394 74.9688 87.8689 77.5799L83.6666 80.6847C81.2554 82.4677 78.4973 83.4101 75.6862 83.4101Z\" fill=\"black\"><\/path><mask id=\"mask1_380_5681\" style=\"mask-type:luminance\" maskUnits=\"userSpaceOnUse\" x=\"9\" y=\"0\" width=\"117\" height=\"117\"><path d=\"M9.7627 0H125.975V116.857H9.7627V0Z\" fill=\"white\"><\/path><\/mask><g mask=\"url(#mask1_380_5681)\"><path d=\"M125.967 115.846H21.6028V111.211H121.333V4.64298H14.6465V76.462H10.0117V0.00817871H125.967V115.846Z\" fill=\"black\"><\/path><\/g><path d=\"M63.3484 18.5433C60.7944 18.5433 58.7136 16.4625 58.7136 13.9085C58.7136 11.3544 60.7944 9.27368 63.3484 9.27368C65.9065 9.27368 67.9873 11.3544 67.9873 13.9085C67.9873 16.4625 65.9065 18.5433 63.3484 18.5433Z\" fill=\"black\"><\/path><path d=\"M45.956 30.1262C41.4844 30.1262 37.8411 26.4869 37.8411 22.0194C37.8411 17.5478 41.4844 13.9125 45.956 13.9125C50.4317 13.9125 54.0751 17.5478 54.0751 22.0194C54.0751 26.4869 50.4317 30.1262 45.956 30.1262ZM45.956 18.5433C44.0385 18.5433 42.4799 20.1018 42.4799 22.0153C42.4799 23.9329 44.0385 25.4914 45.956 25.4914C47.8736 25.4914 49.4362 23.9329 49.4362 22.0153C49.4362 20.1018 47.8736 18.5433 45.956 18.5433Z\" fill=\"black\"><\/path><path d=\"M108.575 60.2443C104.099 60.2443 100.46 56.605 100.46 52.1375C100.46 47.6658 104.099 44.0266 108.575 44.0266C113.046 44.0266 116.69 47.6658 116.69 52.1375C116.69 56.605 113.046 60.2443 108.575 60.2443ZM108.575 48.6573C106.657 48.6573 105.095 50.2199 105.095 52.1334C105.095 54.0509 106.657 55.6095 108.575 55.6095C110.492 55.6095 112.051 54.0509 112.051 52.1334C112.051 50.2199 110.492 48.6573 108.575 48.6573Z\" fill=\"black\"><\/path><path d=\"M63.3488 99.6279C55.6786 99.6279 49.4363 93.3937 49.4363 85.7275C49.4363 85.3808 49.4485 85.0421 49.473 84.6994L54.0996 85.038C54.0792 85.2624 54.0752 85.495 54.0752 85.7275C54.0752 90.8397 58.2326 94.9931 63.3488 94.9931C67.7389 94.9931 71.5618 91.8842 72.4389 87.5962L76.984 88.5264C75.6662 94.9564 69.9339 99.6279 63.3488 99.6279Z\" fill=\"black\"><\/path><path d=\"M79.5871 97.3105C76.4456 97.3105 73.5039 96.0783 71.3008 93.8384L74.6137 90.5908C75.9356 91.9372 77.7022 92.6797 79.5871 92.6797C83.4223 92.6797 86.5434 89.5627 86.5434 85.7275C86.5434 83.1694 85.144 80.8235 82.8878 79.6036L85.091 75.5277C88.8486 77.5554 91.1823 81.464 91.1823 85.7275C91.1823 92.1167 85.9804 97.3105 79.5871 97.3105Z\" fill=\"black\"><\/path><path d=\"M93.5002 99.6278C89.3958 99.6278 85.6831 97.5308 83.5615 94.0139L87.5354 91.623C88.8083 93.7323 91.04 94.993 93.5002 94.993C97.3395 94.993 100.461 91.8719 100.461 88.0408C100.461 86.6333 100.04 85.2787 99.2529 84.1282L103.08 81.5129C104.398 83.4427 105.095 85.6949 105.095 88.0408C105.095 94.4259 99.8935 99.6238 93.5002 99.6238V99.6278Z\" fill=\"black\"><\/path><path d=\"M69.6484 25.1936L79.3954 15.4589L82.6757 18.735L72.9287 28.4698L69.6484 25.1936Z\" fill=\"black\"><\/path><path d=\"M83.6138 11.2402L86.1882 8.66986L89.4685 11.946L86.894 14.5164L83.6138 11.2402Z\" fill=\"black\"><\/path><path d=\"M95.0994 41.4725L113.92 22.6722L117.196 25.9484L98.3796 44.7487L95.0994 41.4725Z\" fill=\"black\"><\/path><path d=\"M93.4995 88.0449C91.5452 88.0449 89.6481 87.6492 87.8733 86.8617L89.746 82.6227C90.9292 83.149 92.1939 83.4101 93.4995 83.4101C98.6158 83.4101 102.777 79.2567 102.777 74.1446C102.777 69.0365 98.6158 64.8791 93.4995 64.8791C92.7243 64.8791 91.9573 64.9729 91.2188 65.1606L90.0805 60.6686C91.1903 60.3871 92.3408 60.2443 93.4995 60.2443C101.174 60.2443 107.412 66.4784 107.412 74.1446C107.412 81.8067 101.174 88.0449 93.4995 88.0449Z\" fill=\"black\"><\/path><\/svg>\t\t\t\t<\/a>\n\t\t\t<\/div>\n\t\t\t\n\t\t\t\t\t\t<div class=\"elementor-icon-box-content\">\n\n\t\t\t\t\t\t\t\t\t<h3 class=\"elementor-icon-box-title\">\n\t\t\t\t\t\t<a href=\"https:\/\/www.itidet.it\/fr\/categoria-prodotto\/vitres-miroirs-et-surfaces-lavables\/\" target=\"_blank\" rel=\"noopener\">\n\t\t\t\t\t\t\tVitres, miroirs et surfaces lavables\t\t\t\t\t\t<\/a>\n\t\t\t\t\t<\/h3>\n\t\t\t\t\n\t\t\t\t\n\t\t\t<\/div>\n\t\t\t\n\t\t<\/div>\n\t\t\t\t\t\t<\/div>\n\t\t\t\t<\/div>\n\t\t\t\t<\/div>\n\t\t<!-- dce invisible element 360a184 --><!-- dce invisible element 7aedfc5 --><!-- dce invisible element 98c9de3 -->\t\t\t<\/div>\n\t\t\t\t<\/div>\n\t\t<!-- dce invisible element 443f732 --><!-- dce invisible element af35dba --><!-- dce invisible element d46e168 --><div data-particle_enable=\"false\" data-particle-mobile-disabled=\"false\" data-dce-background-image-url=\"https:\/\/www.itidet.it\/wp-content\/uploads\/2023\/11\/Materiale-itidet-2.png\" class=\"elementor-element elementor-element-b686fd4 e-flex e-con-boxed e-con e-parent\" data-id=\"b686fd4\" data-element_type=\"container\" data-settings=\"{&quot;background_background&quot;:&quot;classic&quot;,&quot;jet_parallax_layout_list&quot;:[]}\">\n\t\t\t\t\t<div class=\"e-con-inner\">\n\t\t\t\t<div class=\"elementor-element elementor-element-78fc3e6 elementor-widget elementor-widget-heading\" data-id=\"78fc3e6\" data-element_type=\"widget\" data-widget_type=\"heading.default\">\n\t\t\t\t<div class=\"elementor-widget-container\">\n\t\t\t\t\t<h2 class=\"elementor-heading-title elementor-size-default\">VOUS SOUHAITEZ CR\u00c9ER VOTRE PROPRE LIGNE DE PRODUITS ?<\/h2>\t\t\t\t<\/div>\n\t\t\t\t<\/div>\n\t\t\t\t<div class=\"elementor-element elementor-element-45df8d1 elementor-align-center elementor-widget elementor-widget-button\" data-id=\"45df8d1\" data-element_type=\"widget\" data-widget_type=\"button.default\">\n\t\t\t\t<div class=\"elementor-widget-container\">\n\t\t\t\t\t\t\t\t\t<div class=\"elementor-button-wrapper\">\n\t\t\t\t\t<a class=\"elementor-button elementor-button-link elementor-size-sm elementor-animation-hang\" href=\"https:\/\/www.itidet.it\/fr\/private-label\/\" target=\"_blank\" rel=\"noopener\">\n\t\t\t\t\t\t<span class=\"elementor-button-content-wrapper\">\n\t\t\t\t\t\t<span class=\"elementor-button-icon\">\n\t\t\t\t<svg xmlns=\"http:\/\/www.w3.org\/2000\/svg\" width=\"37\" height=\"24\" viewBox=\"0 0 37 24\" fill=\"none\"><path d=\"M36.0607 13.0607C36.6464 12.4749 36.6464 11.5251 36.0607 10.9393L26.5147 1.3934C25.9289 0.807612 24.9792 0.807612 24.3934 1.3934C23.8076 1.97918 23.8076 2.92893 24.3934 3.51472L32.8787 12L24.3934 20.4853C23.8076 21.0711 23.8076 22.0208 24.3934 22.6066C24.9792 23.1924 25.9289 23.1924 26.5147 22.6066L36.0607 13.0607ZM0 13.5H35V10.5H0L0 13.5Z\" fill=\"black\"><\/path><\/svg>\t\t\t<\/span>\n\t\t\t\t\t\t\t\t\t<span class=\"elementor-button-text\">Private label<\/span>\n\t\t\t\t\t<\/span>\n\t\t\t\t\t<\/a>\n\t\t\t\t<\/div>\n\t\t\t\t\t\t\t\t<\/div>\n\t\t\t\t<\/div>\n\t\t\t\t\t<\/div>\n\t\t\t\t<\/div>\n\t\t<div data-particle_enable=\"false\" data-particle-mobile-disabled=\"false\" class=\"elementor-element elementor-element-3a97e0c e-con-full e-flex e-con e-parent\" data-id=\"3a97e0c\" data-element_type=\"container\" data-settings=\"{&quot;jet_parallax_layout_list&quot;:[]}\">\n\t\t\t\t<div class=\"elementor-element elementor-element-72958eb elementor-widget elementor-widget-template\" data-id=\"72958eb\" data-element_type=\"widget\" data-widget_type=\"template.default\">\n\t\t\t\t<div class=\"elementor-widget-container\">\n\t\t\t\t\t\t\t<div class=\"elementor-template\">\n\t\t\t\t\t<div data-elementor-type=\"container\" data-elementor-id=\"6542\" class=\"elementor elementor-6542 elementor-2489\" data-elementor-post-type=\"elementor_library\">\n\t\t\t\t<div data-particle_enable=\"false\" data-particle-mobile-disabled=\"false\" class=\"elementor-element elementor-element-27b9c853 e-flex e-con-boxed e-con e-parent\" data-id=\"27b9c853\" data-element_type=\"container\" data-settings=\"{&quot;jet_parallax_layout_list&quot;:[]}\">\n\t\t\t\t\t<div class=\"e-con-inner\">\n\t\t<div data-particle_enable=\"false\" data-particle-mobile-disabled=\"false\" class=\"elementor-element elementor-element-500a7793 e-con-full e-flex e-con e-child\" data-id=\"500a7793\" data-element_type=\"container\" data-settings=\"{&quot;jet_parallax_layout_list&quot;:[]}\">\n\t\t\t\t<div class=\"elementor-element elementor-element-6a672e15 elementor-widget elementor-widget-heading\" data-id=\"6a672e15\" data-element_type=\"widget\" data-widget_type=\"heading.default\">\n\t\t\t\t<div class=\"elementor-widget-container\">\n\t\t\t\t\t<h2 class=\"elementor-heading-title elementor-size-default\">AVEZ-VOUS BESOIN D'AIDE ?\n<\/h2>\t\t\t\t<\/div>\n\t\t\t\t<\/div>\n\t\t\t\t<div class=\"elementor-element elementor-element-32ea2f0d elementor-widget elementor-widget-heading\" data-id=\"32ea2f0d\" data-element_type=\"widget\" data-widget_type=\"heading.default\">\n\t\t\t\t<div class=\"elementor-widget-container\">\n\t\t\t\t\t<h2 class=\"elementor-heading-title elementor-size-default\">N'h\u00e9sitez pas \u00e0 nous \u00e9crire !<\/h2>\t\t\t\t<\/div>\n\t\t\t\t<\/div>\n\t\t\t\t<\/div>\n\t\t<div data-particle_enable=\"false\" data-particle-mobile-disabled=\"false\" class=\"elementor-element elementor-element-7f6969c2 e-con-full e-flex e-con e-child\" data-id=\"7f6969c2\" data-element_type=\"container\" data-settings=\"{&quot;jet_parallax_layout_list&quot;:[]}\">\n\t\t\t\t<div class=\"elementor-element elementor-element-7271d4e9 elementor-button-align-start elementor-widget elementor-widget-form\" data-id=\"7271d4e9\" data-element_type=\"widget\" data-settings=\"{&quot;step_next_label&quot;:&quot;Next&quot;,&quot;step_previous_label&quot;:&quot;Previous&quot;,&quot;button_width&quot;:&quot;100&quot;,&quot;dce_confirm_dialog_enabled&quot;:&quot;no&quot;,&quot;step_type&quot;:&quot;number_text&quot;,&quot;step_icon_shape&quot;:&quot;circle&quot;,&quot;label_icon_size&quot;:{&quot;unit&quot;:&quot;px&quot;,&quot;size&quot;:&quot;&quot;,&quot;sizes&quot;:[]},&quot;field_icon_size&quot;:{&quot;unit&quot;:&quot;px&quot;,&quot;size&quot;:&quot;&quot;,&quot;sizes&quot;:[]}}\" data-widget_type=\"form.default\">\n\t\t\t\t<div class=\"elementor-widget-container\">\n\t\t\t\t\t\t\t<form class=\"elementor-form\" method=\"post\" name=\"Contatti template eng\">\n\t\t\t<input type=\"hidden\" name=\"post_id\" value=\"6542\"\/>\n\t\t\t<input type=\"hidden\" name=\"form_id\" value=\"7271d4e9\"\/>\n\t\t\t<input type=\"hidden\" name=\"referer_title\" value=\"\" \/>\n\n\t\t\t\n\t\t\t<div class=\"elementor-form-fields-wrapper elementor-labels-\">\n\t\t\t\t\t\t\t\t<div class=\"elementor-field-type-text elementor-field-group elementor-column elementor-field-group-name elementor-col-100 elementor-field-required\">\n\t\t\t\t\t\t\t\t\t\t\t\t<label for=\"form-field-name\" class=\"elementor-field-label elementor-screen-only\">\n\t\t\t\t\t\t\t\tNombre y Apellido\t\t\t\t\t\t\t<\/label>\n\t\t\t\t\t\t\t\t\t\t\t\t\t\t<input size=\"1\" type=\"text\" name=\"form_fields[name]\" id=\"form-field-name\" class=\"elementor-field elementor-size-sm  elementor-field-textual\" placeholder=\"First and last name\" required=\"required\" aria-required=\"true\">\n\t\t\t\t\t\t\t\t\t\t\t<\/div>\n\t\t\t\t\t\t\t\t<div class=\"elementor-field-type-text elementor-field-group elementor-column elementor-field-group-field_7191b0a elementor-col-100 elementor-field-required\">\n\t\t\t\t\t\t\t\t\t\t\t\t<label for=\"form-field-field_7191b0a\" class=\"elementor-field-label elementor-screen-only\">\n\t\t\t\t\t\t\t\tPhone\t\t\t\t\t\t\t<\/label>\n\t\t\t\t\t\t\t\t\t\t\t\t\t\t<input size=\"1\" type=\"text\" name=\"form_fields[field_7191b0a]\" id=\"form-field-field_7191b0a\" class=\"elementor-field elementor-size-sm  elementor-field-textual\" placeholder=\"Phone\" required=\"required\" aria-required=\"true\">\n\t\t\t\t\t\t\t\t\t\t\t<\/div>\n\t\t\t\t\t\t\t\t<div class=\"elementor-field-type-email elementor-field-group elementor-column elementor-field-group-email elementor-col-100 elementor-field-required\">\n\t\t\t\t\t\t\t\t\t\t\t\t<label for=\"form-field-email\" class=\"elementor-field-label elementor-screen-only\">\n\t\t\t\t\t\t\t\tEmail\t\t\t\t\t\t\t<\/label>\n\t\t\t\t\t\t\t\t\t\t\t\t\t\t<input size=\"1\" type=\"email\" name=\"form_fields[email]\" id=\"form-field-email\" class=\"elementor-field elementor-size-sm  elementor-field-textual\" placeholder=\"Email\" required=\"required\" aria-required=\"true\">\n\t\t\t\t\t\t\t\t\t\t\t<\/div>\n\t\t\t\t\t\t\t\t<div class=\"elementor-field-type-textarea elementor-field-group elementor-column elementor-field-group-message elementor-col-100\">\n\t\t\t\t\t\t\t\t\t\t\t\t<label for=\"form-field-message\" class=\"elementor-field-label elementor-screen-only\">\n\t\t\t\t\t\t\t\tMessage\t\t\t\t\t\t\t<\/label>\n\t\t\t\t\t\t<textarea class=\"elementor-field-textual elementor-field  elementor-size-sm\" name=\"form_fields[message]\" id=\"form-field-message\" rows=\"4\" placeholder=\"Message\"><\/textarea>\t\t\t\t<\/div>\n\t\t\t\t\t\t\t\t<div class=\"elementor-field-type-html elementor-field-group elementor-column elementor-field-group-field_cc9cb00 elementor-col-100\">\n\t\t\t\t\t<a href=\"https:\/\/www.iubenda.com\/privacy-policy\/42667396\" target=\"_blank\" style=\"font-size: 14px;\" rel=\"noopener\">Link to Privacy Policy<\/a>\t\t\t\t<\/div>\n\t\t\t\t\t\t\t\t<div class=\"elementor-field-type-acceptance elementor-field-group elementor-column elementor-field-group-field_7467a63 elementor-col-100 elementor-field-required\">\n\t\t\t\t\t\t\t\t\t\t\t\t<label for=\"form-field-field_7467a63\" class=\"elementor-field-label elementor-screen-only\">\n\t\t\t\t\t\t\t\tPrivacy\t\t\t\t\t\t\t<\/label>\n\t\t\t\t\t\t\t\t<div class=\"elementor-field-subgroup\">\n\t\t\t<span class=\"elementor-field-option\">\n\t\t\t\t<input type=\"checkbox\" name=\"form_fields[field_7467a63]\" id=\"form-field-field_7467a63\" class=\"elementor-field elementor-size-sm  elementor-acceptance-field\" required=\"required\" aria-required=\"true\">\n\t\t\t\t<label for=\"form-field-field_7467a63\">Je consens au traitement de mes donn\u00e9es \u00e0 caract\u00e8re personnel conform\u00e9ment \u00e0 la politique de confidentialit\u00e9, en accord avec le r\u00e8glement (UE) 2016\/679.<\/label>\t\t\t<\/span>\n\t\t<\/div>\n\t\t\t\t\t\t<\/div>\n\t\t\t\t\t\t\t\t<div class=\"elementor-field-group elementor-column elementor-field-type-submit elementor-col-100 e-form__buttons\">\n\t\t\t\t\t<button type=\"submit\" class=\"elementor-button elementor-size-sm elementor-animation-hang\">\n\t\t\t\t\t\t<span >\n\t\t\t\t\t\t\t\t\t\t\t\t\t\t\t<span class=\"elementor-align-icon-right elementor-button-icon\">\n\t\t\t\t\t\t\t\t\t<svg xmlns=\"http:\/\/www.w3.org\/2000\/svg\" width=\"37\" height=\"24\" viewBox=\"0 0 37 24\" fill=\"none\"><path d=\"M36.0607 13.0607C36.6464 12.4749 36.6464 11.5251 36.0607 10.9393L26.5147 1.3934C25.9289 0.807612 24.9792 0.807612 24.3934 1.3934C23.8076 1.97918 23.8076 2.92893 24.3934 3.51472L32.8787 12L24.3934 20.4853C23.8076 21.0711 23.8076 22.0208 24.3934 22.6066C24.9792 23.1924 25.9289 23.1924 26.5147 22.6066L36.0607 13.0607ZM0 13.5H35V10.5H0L0 13.5Z\" fill=\"black\"><\/path><\/svg>\t\t\t\t\t\t\t\t\t\t\t\t\t\t\t\t\t<\/span>\n\t\t\t\t\t\t\t\t\t\t\t\t\t\t\t\t\t\t\t\t\t\t<span class=\"elementor-button-text\">ENVIA<\/span>\n\t\t\t\t\t\t\t\t\t\t\t\t\t<\/span>\n\t\t\t\t\t<\/button>\n\t\t\t\t<\/div>\n\t\t\t<\/div>\n\t\t<input\n                    class=\"apbct_special_field apbct_email_id__elementor_form\"\n                    name=\"apbct__email_id__elementor_form\"\n                    aria-label=\"apbct__label_id__elementor_form\"\n                    type=\"text\" size=\"30\" maxlength=\"200\" autocomplete=\"off\"\n                    value=\"\"\n                \/><\/form>\n\t\t\t\t\t\t<\/div>\n\t\t\t\t<\/div>\n\t\t\t\t<\/div>\n\t\t\t\t\t<\/div>\n\t\t\t\t<\/div>\n\t\t\t\t<\/div>\n\t\t\t\t<\/div>\n\t\t\t\t\t\t<\/div>\n\t\t\t\t<\/div>\n\t\t\t\t<\/div>\n\t\t\t\t<\/div>\n\t\t","protected":false},"excerpt":{"rendered":"<p>Nos produits Recherche Popular Keywords Categories Aucun r\u00e9sultat ne correspond \u00e0 votre recherche Tous les r\u00e9sultats Vitres, miroirs et surfaces lavables Lavaggio Stoviglie Pavimenti e sanificanti Food-HACCP Deceranti e sgrassanti Bagno Mani Spray per superfici Manutenzione Linea 40 Disinfettanti e biocidi Detergenti profumati Detergenti per tessuti Stoviglie-lavaggio a mano Detergenti probiotici VOUS SOUHAITEZ CR\u00c9ER VOTRE [&hellip;]<\/p>\n","protected":false},"author":1,"featured_media":0,"parent":0,"menu_order":0,"comment_status":"closed","ping_status":"closed","template":"elementor_header_footer","meta":{"_acf_changed":false,"footnotes":""},"class_list":["post-6126","page","type-page","status-publish","hentry"],"acf":[],"_links":{"self":[{"href":"https:\/\/www.staging.itidet.it\/fr\/wp-json\/wp\/v2\/pages\/6126","targetHints":{"allow":["GET"]}}],"collection":[{"href":"https:\/\/www.staging.itidet.it\/fr\/wp-json\/wp\/v2\/pages"}],"about":[{"href":"https:\/\/www.staging.itidet.it\/fr\/wp-json\/wp\/v2\/types\/page"}],"author":[{"embeddable":true,"href":"https:\/\/www.staging.itidet.it\/fr\/wp-json\/wp\/v2\/users\/1"}],"replies":[{"embeddable":true,"href":"https:\/\/www.staging.itidet.it\/fr\/wp-json\/wp\/v2\/comments?post=6126"}],"version-history":[{"count":29,"href":"https:\/\/www.staging.itidet.it\/fr\/wp-json\/wp\/v2\/pages\/6126\/revisions"}],"predecessor-version":[{"id":8597,"href":"https:\/\/www.staging.itidet.it\/fr\/wp-json\/wp\/v2\/pages\/6126\/revisions\/8597"}],"wp:attachment":[{"href":"https:\/\/www.staging.itidet.it\/fr\/wp-json\/wp\/v2\/media?parent=6126"}],"curies":[{"name":"wp","href":"https:\/\/api.w.org\/{rel}","templated":true}]}}